{"id":732,"date":"2020-06-29T09:29:54","date_gmt":"2020-06-29T09:29:54","guid":{"rendered":"http:\/\/wolfaardtamps.com\/?page_id=732"},"modified":"2023-09-30T09:50:08","modified_gmt":"2023-09-30T09:50:08","slug":"products","status":"publish","type":"page","link":"http:\/\/wolfaardtamps.com\/fr\/products\/","title":{"rendered":"Products"},"content":{"rendered":"<div data-elementor-type=\"wp-page\" data-elementor-id=\"732\" class=\"elementor elementor-732\" data-elementor-settings=\"[]\">\n\t\t\t<div class=\"elementor-inner\">\n\t\t\t\t<div class=\"elementor-section-wrap\">\n\t\t\t\t\t\t\t<section class=\"elementor-element elementor-element-34f7b40d elementor-section-height-min-height elementor-section-boxed elementor-section-height-default elementor-section-items-middle elementor-section elementor-top-section\" data-id=\"34f7b40d\" data-element_type=\"section\" data-settings=\"{&quot;background_background&quot;:&quot;classic&quot;}\">\n\t\t\t\t\t\t\t<div class=\"elementor-background-overlay\"><\/div>\n\t\t\t\t\t\t\t<div class=\"elementor-container elementor-column-gap-default\">\n\t\t\t\t<div class=\"elementor-row\">\n\t\t\t\t<div class=\"elementor-element elementor-element-c99bc8d elementor-column elementor-col-50 elementor-top-column\" data-id=\"c99bc8d\" data-element_type=\"column\">\n\t\t\t<div class=\"elementor-column-wrap\">\n\t\t\t\t\t<div class=\"elementor-widget-wrap\">\n\t\t\t\t\t\t<\/div>\n\t\t\t<\/div>\n\t\t<\/div>\n\t\t\t\t<div class=\"elementor-element elementor-element-71caed97 elementor-column elementor-col-50 elementor-top-column\" data-id=\"71caed97\" data-element_type=\"column\">\n\t\t\t<div class=\"elementor-column-wrap  elementor-element-populated\">\n\t\t\t\t\t<div class=\"elementor-widget-wrap\">\n\t\t\t\t<div class=\"elementor-element elementor-element-2633e986 elementor-widget elementor-widget-heading\" data-id=\"2633e986\" data-element_type=\"widget\" data-widget_type=\"heading.default\">\n\t\t\t\t<div class=\"elementor-widget-container\">\n\t\t\t<h2 class=\"elementor-heading-title elementor-size-large\">Products<\/h2>\t\t<\/div>\n\t\t\t\t<\/div>\n\t\t\t\t\t\t<\/div>\n\t\t\t<\/div>\n\t\t<\/div>\n\t\t\t\t\t\t<\/div>\n\t\t\t<\/div>\n\t\t<\/section>\n\t\t\t\t<section class=\"elementor-element elementor-element-f15cae3 elementor-section-boxed elementor-section-height-default elementor-section-height-default elementor-section elementor-top-section\" data-id=\"f15cae3\" data-element_type=\"section\">\n\t\t\t\t\t\t<div class=\"elementor-container elementor-column-gap-default\">\n\t\t\t\t<div class=\"elementor-row\">\n\t\t\t\t<div class=\"elementor-element elementor-element-959732f elementor-column elementor-col-50 elementor-top-column\" data-id=\"959732f\" data-element_type=\"column\">\n\t\t\t<div class=\"elementor-column-wrap  elementor-element-populated\">\n\t\t\t\t\t<div class=\"elementor-widget-wrap\">\n\t\t\t\t<div class=\"elementor-element elementor-element-45c096b4 elementor-widget elementor-widget-image\" data-id=\"45c096b4\" data-element_type=\"widget\" data-widget_type=\"image.default\">\n\t\t\t\t<div class=\"elementor-widget-container\">\n\t\t\t\t\t<div class=\"elementor-image\">\n\t\t\t\t\t\t\t\t\t\t<img decoding=\"async\" src=\"http:\/\/wolfaardtamps.com\/wp-content\/uploads\/2023\/09\/20230930_110107-scaled.jpg\" title=\"20230930_110107\" alt=\"20230930_110107\" \/>\t\t\t\t\t\t\t\t\t\t\t<\/div>\n\t\t\t\t<\/div>\n\t\t\t\t<\/div>\n\t\t\t\t\t\t<\/div>\n\t\t\t<\/div>\n\t\t<\/div>\n\t\t\t\t<div class=\"elementor-element elementor-element-2de7569 elementor-column elementor-col-50 elementor-top-column\" data-id=\"2de7569\" data-element_type=\"column\">\n\t\t\t<div class=\"elementor-column-wrap  elementor-element-populated\">\n\t\t\t\t\t<div class=\"elementor-widget-wrap\">\n\t\t\t\t<div class=\"elementor-element elementor-element-48e2a89d elementor-widget elementor-widget-heading\" data-id=\"48e2a89d\" data-element_type=\"widget\" data-widget_type=\"heading.default\">\n\t\t\t\t<div class=\"elementor-widget-container\">\n\t\t\t<h3 class=\"elementor-heading-title elementor-size-default\">Palais Royal\n<\/h3>\t\t<\/div>\n\t\t\t\t<\/div>\n\t\t\t\t<div class=\"elementor-element elementor-element-3452369e elementor-widget elementor-widget-text-editor\" data-id=\"3452369e\" data-element_type=\"widget\" data-widget_type=\"text-editor.default\">\n\t\t\t\t<div class=\"elementor-widget-container\">\n\t\t\t\t\t<div class=\"elementor-text-editor elementor-clearfix\"><p><span style=\"font-weight: 400;\">60&#8217;s style American-inspired amplifiers of the 60s<\/span><\/p>\n<p><span style=\"font-weight: 400;\">Controls: volume, treble, mid, bass, master, reverb<\/span><\/p>\n<p><span style=\"font-weight: 400;\">Configurations disponibles : 2x6V6 (20 watt), 4x6V6 (40 watt), 2x6L6 (40 watt), 4x6L6 (80 watt)<\/span><\/p><\/div>\n\t\t\t\t<\/div>\n\t\t\t\t<\/div>\n\t\t\t\t\t\t<\/div>\n\t\t\t<\/div>\n\t\t<\/div>\n\t\t\t\t\t\t<\/div>\n\t\t\t<\/div>\n\t\t<\/section>\n\t\t\t\t<section class=\"elementor-element elementor-element-a085e26 elementor-reverse-mobile elementor-section-boxed elementor-section-height-default elementor-section-height-default elementor-section elementor-top-section\" data-id=\"a085e26\" data-element_type=\"section\">\n\t\t\t\t\t\t<div class=\"elementor-container elementor-column-gap-default\">\n\t\t\t\t<div class=\"elementor-row\">\n\t\t\t\t<div class=\"elementor-element elementor-element-a07a0df elementor-column elementor-col-50 elementor-top-column\" data-id=\"a07a0df\" data-element_type=\"column\">\n\t\t\t<div class=\"elementor-column-wrap  elementor-element-populated\">\n\t\t\t\t\t<div class=\"elementor-widget-wrap\">\n\t\t\t\t<div class=\"elementor-element elementor-element-008ba58 elementor-widget elementor-widget-heading\" data-id=\"008ba58\" data-element_type=\"widget\" data-widget_type=\"heading.default\">\n\t\t\t\t<div class=\"elementor-widget-container\">\n\t\t\t<h2 class=\"elementor-heading-title elementor-size-default\">Moulin Rouge <\/h2>\t\t<\/div>\n\t\t\t\t<\/div>\n\t\t\t\t<div class=\"elementor-element elementor-element-05fa76c elementor-widget elementor-widget-text-editor\" data-id=\"05fa76c\" data-element_type=\"widget\" data-widget_type=\"text-editor.default\">\n\t\t\t\t<div class=\"elementor-widget-container\">\n\t\t\t\t\t<div class=\"elementor-text-editor elementor-clearfix\"><p><span style=\"font-weight: 400;\">Class A British inspired amplifiers<\/span><\/p>\n<p><span style=\"font-weight: 400;\">Controls: volume, tone, reverb, cut, master.&nbsp;<\/span><\/p>\n<p><span style=\"font-weight: 400;\">1xEF861x12AX7, 2xEL84 (15 watt) 4xEL84 (30 watt), GZ34 or Ez81 rectifier tube<\/span><\/p><\/div>\n\t\t\t\t<\/div>\n\t\t\t\t<\/div>\n\t\t\t\t\t\t<\/div>\n\t\t\t<\/div>\n\t\t<\/div>\n\t\t\t\t<div class=\"elementor-element elementor-element-e75b3bc elementor-column elementor-col-50 elementor-top-column\" data-id=\"e75b3bc\" data-element_type=\"column\">\n\t\t\t<div class=\"elementor-column-wrap  elementor-element-populated\">\n\t\t\t\t\t<div class=\"elementor-widget-wrap\">\n\t\t\t\t<div class=\"elementor-element elementor-element-a42e684 elementor-widget elementor-widget-image\" data-id=\"a42e684\" data-element_type=\"widget\" data-widget_type=\"image.default\">\n\t\t\t\t<div class=\"elementor-widget-container\">\n\t\t\t\t\t<div class=\"elementor-image\">\n\t\t\t\t\t\t\t\t\t\t<img decoding=\"async\" src=\"http:\/\/wolfaardtamps.com\/wp-content\/uploads\/2023\/09\/20230930_114503-scaled.jpg\" title=\"20230930_114503\" alt=\"20230930_114503\" \/>\t\t\t\t\t\t\t\t\t\t\t<\/div>\n\t\t\t\t<\/div>\n\t\t\t\t<\/div>\n\t\t\t\t\t\t<\/div>\n\t\t\t<\/div>\n\t\t<\/div>\n\t\t\t\t\t\t<\/div>\n\t\t\t<\/div>\n\t\t<\/section>\n\t\t\t\t<section class=\"elementor-element elementor-element-4a27160 elementor-section-boxed elementor-section-height-default elementor-section-height-default elementor-section elementor-top-section\" data-id=\"4a27160\" data-element_type=\"section\">\n\t\t\t\t\t\t<div class=\"elementor-container elementor-column-gap-default\">\n\t\t\t\t<div class=\"elementor-row\">\n\t\t\t\t<div class=\"elementor-element elementor-element-f381824 elementor-column elementor-col-50 elementor-top-column\" data-id=\"f381824\" data-element_type=\"column\">\n\t\t\t<div class=\"elementor-column-wrap  elementor-element-populated\">\n\t\t\t\t\t<div class=\"elementor-widget-wrap\">\n\t\t\t\t<div class=\"elementor-element elementor-element-19f536a elementor-widget elementor-widget-image\" data-id=\"19f536a\" data-element_type=\"widget\" data-widget_type=\"image.default\">\n\t\t\t\t<div class=\"elementor-widget-container\">\n\t\t\t\t\t<div class=\"elementor-image\">\n\t\t\t\t\t\t\t\t\t\t<img decoding=\"async\" src=\"http:\/\/wolfaardtamps.com\/wp-content\/uploads\/2020\/06\/Tweed-Type.jpg\" title=\"Tweed Type\" alt=\"Tweed Type\" \/>\t\t\t\t\t\t\t\t\t\t\t<\/div>\n\t\t\t\t<\/div>\n\t\t\t\t<\/div>\n\t\t\t\t\t\t<\/div>\n\t\t\t<\/div>\n\t\t<\/div>\n\t\t\t\t<div class=\"elementor-element elementor-element-eb8692a elementor-column elementor-col-50 elementor-top-column\" data-id=\"eb8692a\" data-element_type=\"column\">\n\t\t\t<div class=\"elementor-column-wrap  elementor-element-populated\">\n\t\t\t\t\t<div class=\"elementor-widget-wrap\">\n\t\t\t\t<div class=\"elementor-element elementor-element-d21c540 elementor-widget elementor-widget-heading\" data-id=\"d21c540\" data-element_type=\"widget\" data-widget_type=\"heading.default\">\n\t\t\t\t<div class=\"elementor-widget-container\">\n\t\t\t<h2 class=\"elementor-heading-title elementor-size-default\">Tweed Type\n<\/h2>\t\t<\/div>\n\t\t\t\t<\/div>\n\t\t\t\t<div class=\"elementor-element elementor-element-0abcdc2 elementor-widget elementor-widget-text-editor\" data-id=\"0abcdc2\" data-element_type=\"widget\" data-widget_type=\"text-editor.default\">\n\t\t\t\t<div class=\"elementor-widget-container\">\n\t\t\t\t\t<div class=\"elementor-text-editor elementor-clearfix\"><p><span style=\"font-weight: 400;\">American-inspired amplifiers of the 1950s<\/span><\/p>\n<p><span style=\"font-weight: 400;\">Contr\u00f4les : volume, aigu, grave, pr\u00e9sence\nLampes de pr\u00e9amplification : 3x12AX7<\/span><\/p>\n<p><span style=\"font-weight: 400;\">Configurations disponibles : 2x6V6 (20 watt), 4x6V6 (40 watt), 2x6L6 (40 watt), 4x6L6 (80 watt)<\/span><\/p><\/div>\n\t\t\t\t<\/div>\n\t\t\t\t<\/div>\n\t\t\t\t\t\t<\/div>\n\t\t\t<\/div>\n\t\t<\/div>\n\t\t\t\t\t\t<\/div>\n\t\t\t<\/div>\n\t\t<\/section>\n\t\t\t\t<section class=\"elementor-element elementor-element-be126f3 elementor-reverse-mobile elementor-section-boxed elementor-section-height-default elementor-section-height-default elementor-section elementor-top-section\" data-id=\"be126f3\" data-element_type=\"section\">\n\t\t\t\t\t\t<div class=\"elementor-container elementor-column-gap-default\">\n\t\t\t\t<div class=\"elementor-row\">\n\t\t\t\t<div class=\"elementor-element elementor-element-fb5d1a0 elementor-column elementor-col-50 elementor-top-column\" data-id=\"fb5d1a0\" data-element_type=\"column\">\n\t\t\t<div class=\"elementor-column-wrap  elementor-element-populated\">\n\t\t\t\t\t<div class=\"elementor-widget-wrap\">\n\t\t\t\t<div class=\"elementor-element elementor-element-74960093 elementor-widget elementor-widget-heading\" data-id=\"74960093\" data-element_type=\"widget\" data-widget_type=\"heading.default\">\n\t\t\t\t<div class=\"elementor-widget-container\">\n\t\t\t<h3 class=\"elementor-heading-title elementor-size-default\">Sacr\u00e9 C\u0153ur <\/h3>\t\t<\/div>\n\t\t\t\t<\/div>\n\t\t\t\t<div class=\"elementor-element elementor-element-3cc177c2 elementor-widget elementor-widget-text-editor\" data-id=\"3cc177c2\" data-element_type=\"widget\" data-widget_type=\"text-editor.default\">\n\t\t\t\t<div class=\"elementor-widget-container\">\n\t\t\t\t\t<div class=\"elementor-text-editor elementor-clearfix\"><p><span style=\"font-weight: 400;\">British inspired amplifiers<\/span><\/p>\n<p><span style=\"font-weight: 400;\">Controls: volume, master, treble, mid, bass, reverb.<\/span><\/p>\n<p><span style=\"font-weight: 400;\">Lampes de pr\u00e9amplification : 3x12AX7\nConfigurations disponibles : 2x6V6 (20 watt), 2xEL34 (50 watt), 4xEL34 (100watt)<\/span><\/p><\/div>\n\t\t\t\t<\/div>\n\t\t\t\t<\/div>\n\t\t\t\t\t\t<\/div>\n\t\t\t<\/div>\n\t\t<\/div>\n\t\t\t\t<div class=\"elementor-element elementor-element-4f50201 elementor-column elementor-col-50 elementor-top-column\" data-id=\"4f50201\" data-element_type=\"column\">\n\t\t\t<div class=\"elementor-column-wrap  elementor-element-populated\">\n\t\t\t\t\t<div class=\"elementor-widget-wrap\">\n\t\t\t\t<div class=\"elementor-element elementor-element-16ce8a98 elementor-widget elementor-widget-image\" data-id=\"16ce8a98\" data-element_type=\"widget\" data-widget_type=\"image.default\">\n\t\t\t\t<div class=\"elementor-widget-container\">\n\t\t\t\t\t<div class=\"elementor-image\">\n\t\t\t\t\t\t\t\t\t\t<img loading=\"lazy\" decoding=\"async\" width=\"768\" height=\"491\" src=\"http:\/\/wolfaardtamps.com\/wp-content\/uploads\/2020\/09\/Plexi-type-1-768x491.jpg\" class=\"attachment-medium_large size-medium_large\" alt=\"\" srcset=\"http:\/\/wolfaardtamps.com\/wp-content\/uploads\/2020\/09\/Plexi-type-1-768x491.jpg 768w, http:\/\/wolfaardtamps.com\/wp-content\/uploads\/2020\/09\/Plexi-type-1-300x192.jpg 300w, http:\/\/wolfaardtamps.com\/wp-content\/uploads\/2020\/09\/Plexi-type-1.jpg 1020w\" sizes=\"(max-width: 768px) 100vw, 768px\" \/>\t\t\t\t\t\t\t\t\t\t\t<\/div>\n\t\t\t\t<\/div>\n\t\t\t\t<\/div>\n\t\t\t\t\t\t<\/div>\n\t\t\t<\/div>\n\t\t<\/div>\n\t\t\t\t\t\t<\/div>\n\t\t\t<\/div>\n\t\t<\/section>\n\t\t\t\t<section class=\"elementor-element elementor-element-7c0e23b elementor-section-boxed elementor-section-height-default elementor-section-height-default elementor-section elementor-top-section\" data-id=\"7c0e23b\" data-element_type=\"section\">\n\t\t\t\t\t\t<div class=\"elementor-container elementor-column-gap-default\">\n\t\t\t\t<div class=\"elementor-row\">\n\t\t\t\t<div class=\"elementor-element elementor-element-2df295b elementor-column elementor-col-50 elementor-top-column\" data-id=\"2df295b\" data-element_type=\"column\">\n\t\t\t<div class=\"elementor-column-wrap  elementor-element-populated\">\n\t\t\t\t\t<div class=\"elementor-widget-wrap\">\n\t\t\t\t<div class=\"elementor-element elementor-element-fb10c76 elementor-widget elementor-widget-image\" data-id=\"fb10c76\" data-element_type=\"widget\" data-widget_type=\"image.default\">\n\t\t\t\t<div class=\"elementor-widget-container\">\n\t\t\t\t\t<div class=\"elementor-image\">\n\t\t\t\t\t\t\t\t\t\t<img decoding=\"async\" src=\"http:\/\/wolfaardtamps.com\/wp-content\/uploads\/elementor\/thumbs\/Bass-Preamp-1-orvfn39606flnt2nr6ljh0c01w2vslsea7ppo4hm8w.jpg\" title=\"Bass Preamp (1)\" alt=\"Bass Preamp (1)\" \/>\t\t\t\t\t\t\t\t\t\t\t<\/div>\n\t\t\t\t<\/div>\n\t\t\t\t<\/div>\n\t\t\t\t\t\t<\/div>\n\t\t\t<\/div>\n\t\t<\/div>\n\t\t\t\t<div class=\"elementor-element elementor-element-2be940f elementor-column elementor-col-50 elementor-top-column\" data-id=\"2be940f\" data-element_type=\"column\">\n\t\t\t<div class=\"elementor-column-wrap  elementor-element-populated\">\n\t\t\t\t\t<div class=\"elementor-widget-wrap\">\n\t\t\t\t<div class=\"elementor-element elementor-element-df24765 elementor-widget elementor-widget-heading\" data-id=\"df24765\" data-element_type=\"widget\" data-widget_type=\"heading.default\">\n\t\t\t\t<div class=\"elementor-widget-container\">\n\t\t\t<h3 class=\"elementor-heading-title elementor-size-default\">Le Pr\u00e9ampli Basse<\/h3>\t\t<\/div>\n\t\t\t\t<\/div>\n\t\t\t\t<div class=\"elementor-element elementor-element-5f1d10f elementor-widget elementor-widget-text-editor\" data-id=\"5f1d10f\" data-element_type=\"widget\" data-widget_type=\"text-editor.default\">\n\t\t\t\t<div class=\"elementor-widget-container\">\n\t\t\t\t\t<div class=\"elementor-text-editor elementor-clearfix\"><p><span style=\"font-weight: 400;\">Les amplificateurs pour basse \n\nContr\u00f4les : volume pr\u00e9ampli, aigu, medium, grave, volume master, switch gain<\/span><\/p><p><span style=\"font-weight: 400;\">Lampes de pr\u00e9amplification : 2x12AX7<\/span><\/p><\/div>\n\t\t\t\t<\/div>\n\t\t\t\t<\/div>\n\t\t\t\t\t\t<\/div>\n\t\t\t<\/div>\n\t\t<\/div>\n\t\t\t\t\t\t<\/div>\n\t\t\t<\/div>\n\t\t<\/section>\n\t\t\t\t<section class=\"elementor-element elementor-element-9a8e7c0 elementor-reverse-mobile elementor-section-boxed elementor-section-height-default elementor-section-height-default elementor-section elementor-top-section\" data-id=\"9a8e7c0\" data-element_type=\"section\">\n\t\t\t\t\t\t<div class=\"elementor-container elementor-column-gap-default\">\n\t\t\t\t<div class=\"elementor-row\">\n\t\t\t\t<div class=\"elementor-element elementor-element-12c3376 elementor-column elementor-col-50 elementor-top-column\" data-id=\"12c3376\" data-element_type=\"column\">\n\t\t\t<div class=\"elementor-column-wrap  elementor-element-populated\">\n\t\t\t\t\t<div class=\"elementor-widget-wrap\">\n\t\t\t\t<div class=\"elementor-element elementor-element-371ebd1 elementor-widget elementor-widget-heading\" data-id=\"371ebd1\" data-element_type=\"widget\" data-widget_type=\"heading.default\">\n\t\t\t\t<div class=\"elementor-widget-container\">\n\t\t\t<h3 class=\"elementor-heading-title elementor-size-default\">pedals<\/h3>\t\t<\/div>\n\t\t\t\t<\/div>\n\t\t\t\t<div class=\"elementor-element elementor-element-c494d76 elementor-widget elementor-widget-text-editor\" data-id=\"c494d76\" data-element_type=\"widget\" data-widget_type=\"text-editor.default\">\n\t\t\t\t<div class=\"elementor-widget-container\">\n\t\t\t\t\t<div class=\"elementor-text-editor elementor-clearfix\"><p><span style=\"font-weight: 400;\">Wolfaardt pedals are available in overdrive and distortion.<br \/><\/span><span style=\"font-weight: 400;\">Les overdrives sont bas\u00e9es sur la TS du d\u00e9but des ann\u00e9es 80 faite au Japon, cette petite boite verte jou\u00e9e par nos rock stars pr\u00e9f\u00e9r\u00e9es.<\/span><\/p><p><b>Pedals\/Overdrive<\/b><\/p><p><b>Le mod\u00e8le Vintage<\/b><span style=\"font-weight: 400;\"> se caract\u00e9rise par une bosse dans les m\u00e9diums et des basses fr\u00e9quences contenues.<\/span><\/p><p><b>Le mod\u00e8le Moderne <\/b><span style=\"font-weight: 400;\">\u00a0se caract\u00e9rise par une bosse dans les m\u00e9diums moins marqu\u00e9e que pour le mod\u00e8le Vintage, des basses plus pr\u00e9sentes et plus de gain.<\/span><\/p><p><b>Pedals\/Distorsion<\/b><\/p><p><b>La p\u00e9dale de Distorsion<\/b><span style=\"font-weight: 400;\"> est bas\u00e9e sur le rongeur am\u00e9ricain de la fin des ann\u00e9es 70 que nous avons tous entendu sous les pieds de nos guitaristes pr\u00e9f\u00e9r\u00e9s dans notre jeunesse. La rage est bien l\u00e0.\u00a0<\/span><\/p><\/div>\n\t\t\t\t<\/div>\n\t\t\t\t<\/div>\n\t\t\t\t\t\t<\/div>\n\t\t\t<\/div>\n\t\t<\/div>\n\t\t\t\t<div class=\"elementor-element elementor-element-452ab39 elementor-column elementor-col-50 elementor-top-column\" data-id=\"452ab39\" data-element_type=\"column\">\n\t\t\t<div class=\"elementor-column-wrap  elementor-element-populated\">\n\t\t\t\t\t<div class=\"elementor-widget-wrap\">\n\t\t\t\t<div class=\"elementor-element elementor-element-d44d9db elementor-widget elementor-widget-image\" data-id=\"d44d9db\" data-element_type=\"widget\" data-widget_type=\"image.default\">\n\t\t\t\t<div class=\"elementor-widget-container\">\n\t\t\t\t\t<div class=\"elementor-image\">\n\t\t\t\t\t\t\t\t\t\t<img loading=\"lazy\" decoding=\"async\" width=\"960\" height=\"457\" src=\"http:\/\/wolfaardtamps.com\/wp-content\/uploads\/2020\/06\/Pedals.jpg\" class=\"attachment-full size-full\" alt=\"\" srcset=\"http:\/\/wolfaardtamps.com\/wp-content\/uploads\/2020\/06\/Pedals.jpg 960w, http:\/\/wolfaardtamps.com\/wp-content\/uploads\/2020\/06\/Pedals-300x143.jpg 300w, http:\/\/wolfaardtamps.com\/wp-content\/uploads\/2020\/06\/Pedals-768x366.jpg 768w\" sizes=\"(max-width: 960px) 100vw, 960px\" \/>\t\t\t\t\t\t\t\t\t\t\t<\/div>\n\t\t\t\t<\/div>\n\t\t\t\t<\/div>\n\t\t\t\t\t\t<\/div>\n\t\t\t<\/div>\n\t\t<\/div>\n\t\t\t\t\t\t<\/div>\n\t\t\t<\/div>\n\t\t<\/section>\n\t\t\t\t\t\t<\/div>\n\t\t\t<\/div>\n\t\t<\/div>","protected":false},"excerpt":{"rendered":"<p>Products Palais Royal 60&#8217;s style American-inspired amplifiers of the 60s Controls: volume, treble, mid, bass, master, reverb Tubes: 2x12AX7, 1x12DW7 (reverb), 1x12AT7. 2x6v6 (20 watt), 4x6v6 (40 watt), 2x6L6 (40 watt), 4x6L6 (80 watt) Moulin Rouge Class A British inspired amplifiers Controls: volume, tone, reverb, cut, master.&nbsp; 1xEF861x12AX7, 2xEL84 (15 watt) 4xEL84 (30 watt), GZ34 [&hellip;]<\/p>","protected":false},"author":1,"featured_media":0,"parent":0,"menu_order":0,"comment_status":"closed","ping_status":"closed","template":"elementor_header_footer","meta":{"footnotes":""},"_links":{"self":[{"href":"http:\/\/wolfaardtamps.com\/fr\/wp-json\/wp\/v2\/pages\/732"}],"collection":[{"href":"http:\/\/wolfaardtamps.com\/fr\/wp-json\/wp\/v2\/pages"}],"about":[{"href":"http:\/\/wolfaardtamps.com\/fr\/wp-json\/wp\/v2\/types\/page"}],"author":[{"embeddable":true,"href":"http:\/\/wolfaardtamps.com\/fr\/wp-json\/wp\/v2\/users\/1"}],"replies":[{"embeddable":true,"href":"http:\/\/wolfaardtamps.com\/fr\/wp-json\/wp\/v2\/comments?post=732"}],"version-history":[{"count":31,"href":"http:\/\/wolfaardtamps.com\/fr\/wp-json\/wp\/v2\/pages\/732\/revisions"}],"predecessor-version":[{"id":870,"href":"http:\/\/wolfaardtamps.com\/fr\/wp-json\/wp\/v2\/pages\/732\/revisions\/870"}],"wp:attachment":[{"href":"http:\/\/wolfaardtamps.com\/fr\/wp-json\/wp\/v2\/media?parent=732"}],"curies":[{"name":"wp","href":"https:\/\/api.w.org\/{rel}","templated":true}]}}